{"id":509,"date":"2023-02-12T17:55:48","date_gmt":"2023-02-12T16:55:48","guid":{"rendered":"https:\/\/lichtwandlerin.com\/?page_id=509"},"modified":"2024-03-23T11:49:42","modified_gmt":"2024-03-23T10:49:42","slug":"astromedizin","status":"publish","type":"page","link":"https:\/\/sylvia.weidlinger.me\/?page_id=509","title":{"rendered":"Astro-Energetik"},"content":{"rendered":"\n<p>Durch meine Ausbildung \u00fcber die Astromedizin habe ich diesen Bereich sehr sch\u00e4tzen gelernt.<\/p>\n\n\n\n<p>Es ist immer wieder faszinierend die Menschen anhand ihrer Sternenkonstellation zu analysieren. Viele Charakterz\u00fcge und Angewohnheiten versteht man dann besser und die Auswertung gibt einen Einblick \u00fcber unsere Anlagen und M\u00f6glichkeiten, die uns in die Wiege gelegt wurden.<\/p>\n\n\n\n<p>Ein weiterer wichtiger Aspekt ist die k\u00f6rperliche Betrachtungsweise. Somit k\u00f6nnen wir unseren K\u00f6rper optimal unterst\u00fctzen und so manche Disharmonie kann schon im Vorfeld erkannt werden.<\/p>\n\n\n\n<hr class=\"wp-block-separator aligncenter has-alpha-channel-opacity has-luminous-dusk-gradient-background has-background is-style-wide\"\/>\n\n\n\n<p>Die Astro-Energetik ist ein Teilbereich der Astrologie, der die Zusammenh\u00e4nge zwischen Horoskop und K\u00f6rper in Verbindung bringt, insbesondere Krankheiten und Dispositionen, aber auch Heilungsm\u00f6glichkeiten werden auf diese Weise aufgezeigt und k\u00f6nnen dadurch zum besseren K\u00f6rperverst\u00e4ndnis f\u00fchren. Basierend auf der Zuordnung der Planeten und der Tierkreiszeichen zu Organen und K\u00f6rperteilen.<\/p>\n\n\n\n<p><br><img loading=\"lazy\" decoding=\"async\" width=\"128\" height=\"128\" class=\"alignnone size-full wp-image-514\" src=\"https:\/\/lichtwandlerin.com\/wp-content\/uploads\/2023\/02\/sonne.png\" alt=\"Sonne\" srcset=\"https:\/\/sylvia.weidlinger.me\/wp-content\/uploads\/2023\/02\/sonne.png 268w, https:\/\/sylvia.weidlinger.me\/wp-content\/uploads\/2023\/02\/sonne-150x150.png 150w\" sizes=\"auto, (max-width: 128px) 100vw, 128px\" \/> <img loading=\"lazy\" decoding=\"async\" width=\"128\" height=\"128\" class=\"alignnone size-full wp-image-515\" src=\"https:\/\/lichtwandlerin.com\/wp-content\/uploads\/2023\/02\/jupiter.png\" alt=\"Jupiter\" srcset=\"https:\/\/sylvia.weidlinger.me\/wp-content\/uploads\/2023\/02\/jupiter.png 268w, https:\/\/sylvia.weidlinger.me\/wp-content\/uploads\/2023\/02\/jupiter-150x150.png 150w\" sizes=\"auto, (max-width: 128px) 100vw, 128px\" \/><br><\/p>\n\n\n\n<p>Diese Methode bringt viele M\u00f6glichkeiten, um k\u00f6rperliche Symptome und Disharmonien ins Gleichgewicht zu bringen.<\/p>\n\n\n\n<h5 class=\"wp-block-heading\">Wie kommst Du zu einer Astro-Energetik Auswertung?<\/h5>\n\n\n<p><!-- \/wp:post-content --><\/p>\n<p><!-- wp:paragraph --><\/p>\n<p>Ich ben\u00f6tige Dein Geburtsdatum, Geburtszeit und Geburtsort. Nachdem die Auswertung erstellt wurde ( ca. 1 Woche ), gibt es ein ausf\u00fchrliches Gespr\u00e4ch und eine ganzheitliche Betrachtung deines Horoskops.<\/p>\n<p><!-- \/wp:paragraph --><\/p>\n<p><!-- wp:paragraph --><\/p>\n<p><strong>Energieausgleich: \u20ac 48.\u2014<\/strong><\/p>\n<p><!-- \/wp:paragraph --><\/p>\n<p><!-- wp:paragraph --><\/p>\n<p>Hast Du Interesse, oder m\u00f6chtest Du noch mehr Informationen?<\/p>\n<p><!-- \/wp:paragraph --><\/p>\n<p><!-- wp:paragraph --><\/p>\n<p>Hier geht es zu den <a href=\"https:\/\/lichtwandlerin.com\/?page_id=20\">Kontaktdaten<\/a>.<\/p>\n<p><!-- \/wp:paragraph --><\/p>\n<p><!-- wp:image {\"align\":\"none\",\"id\":518,\"className\":\"wp-image-518 size-full\"} --><\/p>\n<figure class=\"wp-block-image alignnone wp-image-518 size-full\"><img loading=\"lazy\" decoding=\"async\" src=\"https:\/\/lichtwandlerin.com\/wp-content\/uploads\/2023\/02\/Auswertung-Astromedizin.jpg\" alt=\"\" class=\"aligncenter wp-image-518\" width=\"575\" height=\"700\" srcset=\"https:\/\/sylvia.weidlinger.me\/wp-content\/uploads\/2023\/02\/Auswertung-Astromedizin.jpg 743w, https:\/\/sylvia.weidlinger.me\/wp-content\/uploads\/2023\/02\/Auswertung-Astromedizin-247x300.jpg 247w\" sizes=\"auto, (max-width: 575px) 100vw, 575px\" \/><figcaption class=\"wp-element-caption\">Auswertung Astro-Energetik<\/figcaption><\/figure>\n<p><!-- \/wp:image --><\/p>","protected":false},"excerpt":{"rendered":"<p>Durch meine Ausbildung \u00fcber die Astromedizin habe ich diesen Bereich sehr sch\u00e4tzen gelernt. Es ist immer wieder faszinierend die Menschen anhand ihrer Sternenkonstellation zu analysieren. Viele Charakterz\u00fcge und Angewohnheiten versteht man dann besser und die Auswertung gibt einen Einblick \u00fcber unsere Anlagen und M\u00f6glichkeiten, die uns in die Wiege gelegt [&hellip;]<\/p>\n","protected":false},"author":1,"featured_media":383,"parent":0,"menu_order":0,"comment_status":"closed","ping_status":"closed","template":"","meta":{"footnotes":""},"class_list":["post-509","page","type-page","status-publish","has-post-thumbnail","hentry"],"_links":{"self":[{"href":"https:\/\/sylvia.weidlinger.me\/index.php?rest_route=\/wp\/v2\/pages\/509","targetHints":{"allow":["GET"]}}],"collection":[{"href":"https:\/\/sylvia.weidlinger.me\/index.php?rest_route=\/wp\/v2\/pages"}],"about":[{"href":"https:\/\/sylvia.weidlinger.me\/index.php?rest_route=\/wp\/v2\/types\/page"}],"author":[{"embeddable":true,"href":"https:\/\/sylvia.weidlinger.me\/index.php?rest_route=\/wp\/v2\/users\/1"}],"replies":[{"embeddable":true,"href":"https:\/\/sylvia.weidlinger.me\/index.php?rest_route=%2Fwp%2Fv2%2Fcomments&post=509"}],"version-history":[{"count":35,"href":"https:\/\/sylvia.weidlinger.me\/index.php?rest_route=\/wp\/v2\/pages\/509\/revisions"}],"predecessor-version":[{"id":807,"href":"https:\/\/sylvia.weidlinger.me\/index.php?rest_route=\/wp\/v2\/pages\/509\/revisions\/807"}],"wp:featuredmedia":[{"embeddable":true,"href":"https:\/\/sylvia.weidlinger.me\/index.php?rest_route=\/wp\/v2\/media\/383"}],"wp:attachment":[{"href":"https:\/\/sylvia.weidlinger.me\/index.php?rest_route=%2Fwp%2Fv2%2Fmedia&parent=509"}],"curies":[{"name":"wp","href":"https:\/\/api.w.org\/{rel}","templated":true}]}}