{"id":600,"date":"2023-11-29T18:02:03","date_gmt":"2023-11-29T17:02:03","guid":{"rendered":"https:\/\/lichtwandlerin.com\/?page_id=600"},"modified":"2025-02-09T09:34:18","modified_gmt":"2025-02-09T08:34:18","slug":"energetisch-system-aufstellung","status":"publish","type":"page","link":"https:\/\/sylvia.weidlinger.me\/?page_id=600","title":{"rendered":"Energetische Verdeckte System-Aufstellung"},"content":{"rendered":"<p>Durch meine Ausbildung zum Aufstellungsleiter im Jahre 2023 habe ich die Wirkungsweise der Systemaufstellung am eigenen K\u00f6rper sp\u00fcren d\u00fcrfen.<\/p>\n<p>Mit Hilfe der Verdeckte Aufstellungsarbeit gibt es eine Methode, die aus der systemischen Aufstellungsarbeit hervorgegangen ist. Sie wird h\u00e4ufig in therapeutischen, beratenden oder Coaching-Kontexten eingesetzt, um verborgene Dynamiken innerhalb eines Systems (zum Beispiel Familie, Team oder Organisation) sichtbar und bearbeitbar zu machen.<\/p>\n<p>Im Gegensatz zu traditionellen Aufstellungen, bei denen Teilnehmer offen \u00fcber ihre Rollen und Positionen informiert sind, bleiben in der verdeckten Aufstellungsarbeit wichtige Informationen wie das Thema oder die Rollen der Stellvertreter zun\u00e4chst unklar. Dies kann verhindern, dass Voreingenommenheit und bewusste Interventionen das Ergebnis beeinflussen.<\/p>\n<p>Durch die verdeckte Arbeit sollen sich unbewusste Muster und tiefere Ebenen der Problematik auf nat\u00fcrliche Weise zeigen. Der Prozess kann helfen, neue Perspektiven zu gewinnen, Blockaden zu l\u00f6sen und das System ins Gleichgewicht zu bringen.<\/p>\n\n\n<hr class=\"wp-block-separator aligncenter has-alpha-channel-opacity has-luminous-dusk-gradient-background has-background is-style-wide\"\/>\n\n\n\n<figure class=\"wp-block-image size-full is-resized\"><img loading=\"lazy\" decoding=\"async\" width=\"1024\" height=\"1024\" src=\"https:\/\/sylvia.weidlinger.me\/wp-content\/uploads\/2025\/02\/3-grosse-Playmobil-Figuren-2-kleine-Playmobil-Figuren-und-ein-Einhorn.jpg\" alt=\"\" class=\"wp-image-834\" style=\"width:394px;height:auto\" srcset=\"https:\/\/sylvia.weidlinger.me\/wp-content\/uploads\/2025\/02\/3-grosse-Playmobil-Figuren-2-kleine-Playmobil-Figuren-und-ein-Einhorn.jpg 1024w, https:\/\/sylvia.weidlinger.me\/wp-content\/uploads\/2025\/02\/3-grosse-Playmobil-Figuren-2-kleine-Playmobil-Figuren-und-ein-Einhorn-300x300.jpg 300w, https:\/\/sylvia.weidlinger.me\/wp-content\/uploads\/2025\/02\/3-grosse-Playmobil-Figuren-2-kleine-Playmobil-Figuren-und-ein-Einhorn-150x150.jpg 150w, https:\/\/sylvia.weidlinger.me\/wp-content\/uploads\/2025\/02\/3-grosse-Playmobil-Figuren-2-kleine-Playmobil-Figuren-und-ein-Einhorn-768x768.jpg 768w\" sizes=\"auto, (max-width: 1024px) 100vw, 1024px\" \/><figcaption class=\"wp-element-caption\">Systemische Konstellation mit Spielfiguren<\/figcaption><\/figure>\n\n\n\n<hr class=\"wp-block-separator aligncenter has-alpha-channel-opacity has-luminous-dusk-gradient-background has-background is-style-wide\"\/>\n\n\n\n<p><strong>Grundprinzipien<\/strong>:<\/p>\n\n\n\n<p>Die verdeckte Aufstellungsarbeit basiert auf den Grundprinzipien der systemischen Aufstellungsarbeit, bei der die Beziehungen und Dynamiken innerhalb eines Systems (Familie, Team, Organisation) visualisiert werden. Stellvertreter \u00fcbernehmen die Rollen von Personen oder Elementen innerhalb des Systems und stellen diese in einer r\u00e4umlichen Anordnung dar.<\/p>\n\n\n\n<p><strong>Der Ablauf<\/strong>:<\/p>\n\n\n\n<ol start=\"1\" class=\"wp-block-list\">\n<li><strong>Themenwahl<\/strong>: Der Klient w\u00e4hlt ein Thema oder Anliegen aus, das bearbeitet werden soll. Das Thema bleibt jedoch verdeckt, das hei\u00dft, es wird nicht offen kommuniziert.<\/li>\n\n\n\n<li><strong>Rollenvergabe<\/strong>: Stellvertreter werden ausgew\u00e4hlt, um bestimmte Rollen zu \u00fcbernehmen (z.B. Familienmitglieder, Teammitglieder, abstrakte Konzepte wie \u201eZiel\u201c oder \u201eHindernis\u201c). Die konkreten Rollen bleiben den Stellvertretern ebenfalls verdeckt.<\/li>\n\n\n\n<li><strong>Aufstellung<\/strong>: Der Klient platziert die Stellvertreter im Raum in einer Anordnung, die das innere Bild oder Gef\u00fchl des Systems widerspiegelt.<\/li>\n\n\n\n<li><strong>Wahrnehmung<\/strong>: Die Stellvertreter berichten \u00fcber ihre k\u00f6rperlichen Empfindungen, Emotionen und Eindr\u00fccke, die sie in ihren zugewiesenen Positionen erleben.<\/li>\n\n\n\n<li><strong>Kl\u00e4rung<\/strong>: Der Leiter der Aufstellung hilft dabei, die Wahrnehmungen der Stellvertreter zu interpretieren und Muster, Verstrickungen oder Blockaden im System zu erkennen.<\/li>\n\n\n\n<li><strong>L\u00f6sungen<\/strong>: Gegebenenfalls werden neue Positionen ausprobiert oder S\u00e4tze gesprochen, um das System zu harmonisieren und L\u00f6sungsimpulse zu finden.<\/li>\n<\/ol>\n\n\n\n<p><strong>Vorteile<\/strong>:<\/p>\n\n\n\n<ul class=\"wp-block-list\">\n<li><strong>Tiefere Einsichten<\/strong>: Durch das Verdeckte werden unbewusste Dynamiken offengelegt, die oft \u00fcberraschen und tiefere Einblicke bieten.<\/li>\n\n\n\n<li><strong>Unvoreingenommenheit<\/strong>: Da die Rollen und das Thema verdeckt bleiben, werden Voreingenommenheiten und bewusste Beeinflussungen minimiert.<\/li>\n\n\n\n<li><strong>Sicherheit<\/strong>: Klienten k\u00f6nnen sich sicherer f\u00fchlen, da pers\u00f6nliche und sensible Themen nicht offen preisgegeben werden m\u00fcssen.<\/li>\n<\/ul>\n\n\n\n<hr class=\"wp-block-separator aligncenter has-alpha-channel-opacity has-luminous-dusk-gradient-background has-background is-style-wide\"\/>\n\n\n<figure class=\"wp-block-image\"><img alt=\"\" \/><strong>Aufstellungsdauer ca. 1 Stunde &#8211; \u20ac 84,-\u00a0<\/strong><\/figure>\n<p><!-- \/wp:post-content --><\/p>\n<p><!-- wp:heading {\"level\":4} --><\/p>\n<h4 class=\"wp-block-heading\">Wichtiger Hinweis!<\/h4>\n<p><!-- \/wp:heading --><\/p>\n<p><!-- wp:paragraph --><\/p>\n<p>Diese therapeutische Behandlung stellt keinerlei Ersatz f\u00fcr \u00e4rztliche Diagnosen und Behandlungen dar, auch keinerlei Ersatz f\u00fcr psychologische oder psychotherapeutische Behandlungen oder Untersuchungen.<\/p>\n<p><!-- \/wp:paragraph --><\/p>\n<p><!-- wp:paragraph --><\/p>\n\n<!-- wp:paragraph -->\n<p><\/p>\n<!-- \/wp:paragraph -->","protected":false},"excerpt":{"rendered":"<p>Durch meine Ausbildung zum Aufstellungsleiter im Jahre 2023 habe ich die Wirkungsweise der Systemaufstellung am eigenen K\u00f6rper sp\u00fcren d\u00fcrfen. Mit Hilfe der Verdeckte Aufstellungsarbeit gibt es eine Methode, die aus der systemischen Aufstellungsarbeit hervorgegangen ist. Sie wird h\u00e4ufig in therapeutischen, beratenden oder Coaching-Kontexten eingesetzt, um verborgene Dynamiken innerhalb eines Systems [&hellip;]<\/p>\n","protected":false},"author":1,"featured_media":644,"parent":0,"menu_order":0,"comment_status":"closed","ping_status":"closed","template":"","meta":{"footnotes":""},"class_list":["post-600","page","type-page","status-publish","has-post-thumbnail","hentry"],"_links":{"self":[{"href":"https:\/\/sylvia.weidlinger.me\/index.php?rest_route=\/wp\/v2\/pages\/600","targetHints":{"allow":["GET"]}}],"collection":[{"href":"https:\/\/sylvia.weidlinger.me\/index.php?rest_route=\/wp\/v2\/pages"}],"about":[{"href":"https:\/\/sylvia.weidlinger.me\/index.php?rest_route=\/wp\/v2\/types\/page"}],"author":[{"embeddable":true,"href":"https:\/\/sylvia.weidlinger.me\/index.php?rest_route=\/wp\/v2\/users\/1"}],"replies":[{"embeddable":true,"href":"https:\/\/sylvia.weidlinger.me\/index.php?rest_route=%2Fwp%2Fv2%2Fcomments&post=600"}],"version-history":[{"count":14,"href":"https:\/\/sylvia.weidlinger.me\/index.php?rest_route=\/wp\/v2\/pages\/600\/revisions"}],"predecessor-version":[{"id":837,"href":"https:\/\/sylvia.weidlinger.me\/index.php?rest_route=\/wp\/v2\/pages\/600\/revisions\/837"}],"wp:featuredmedia":[{"embeddable":true,"href":"https:\/\/sylvia.weidlinger.me\/index.php?rest_route=\/wp\/v2\/media\/644"}],"wp:attachment":[{"href":"https:\/\/sylvia.weidlinger.me\/index.php?rest_route=%2Fwp%2Fv2%2Fmedia&parent=600"}],"curies":[{"name":"wp","href":"https:\/\/api.w.org\/{rel}","templated":true}]}}